{"id":30067,"date":"2021-10-12T15:51:09","date_gmt":"2021-10-12T15:51:09","guid":{"rendered":"https:\/\/woodopshop.com\/?page_id=30067"},"modified":"2025-11-07T11:27:52","modified_gmt":"2025-11-07T11:27:52","slug":"about-us","status":"publish","type":"page","link":"https:\/\/woodopshop.com\/de\/about-us\/","title":{"rendered":"About us"},"content":{"rendered":"\t\t<div data-elementor-type=\"wp-page\" data-elementor-id=\"30067\" class=\"elementor elementor-30067 elementor-4400\" data-elementor-post-type=\"page\">\n\t\t\t\t<div class=\"wd-negative-gap elementor-element elementor-element-4da571a9 wd-section-stretch e-flex e-con-boxed e-con e-parent\" data-id=\"4da571a9\" data-element_type=\"container\" data-settings=\"{&quot;background_background&quot;:&quot;classic&quot;}\">\n\t\t\t\t\t<div class=\"e-con-inner\">\n\t\t\t\t<div class=\"elementor-element elementor-element-588a7011 elementor-widget__width-initial elementor-widget-tablet__width-inherit wd-width-100 elementor-widget elementor-widget-wd_title\" data-id=\"588a7011\" data-element_type=\"widget\" data-widget_type=\"wd_title.default\">\n\t\t\t\t<div class=\"elementor-widget-container\">\n\t\t\t\t\t\t\t<div class=\"title-wrapper wd-set-mb reset-last-child wd-title-color-primary wd-title-style-default wd-title-size-large text-left\">\n\n\t\t\t\t\t\t\t\t\t\t\t<div class=\"title-subtitle subtitle-color-primary subtitle-style-default wd-fontsize-xs\">\n\t\t\t\t\tSichere, nat\u00fcrliche Holzspielzeuge, die Bewegung, Kreativit\u00e4t und Freude inspirieren.\t\t\t\t<\/div>\n\t\t\t\n\t\t\t<div class=\"liner-continer\">\n\t\t\t\t<h4 class=\"woodmart-title-container title wd-fontsize-xxl\">Handgefertigt in Lettland mit Liebe und Pr\u00e4zision<\/h4> \n\t\t\t\t\t\t\t<\/div>\n\n\t\t\t\t\t<\/div>\n\t\t\t\t\t\t<\/div>\n\t\t\t\t<\/div>\n\t\t\t\t<div class=\"elementor-element elementor-element-d604ab9 elementor-widget__width-initial elementor-widget elementor-widget-wd_infobox\" data-id=\"d604ab9\" data-element_type=\"widget\" data-widget_type=\"wd_infobox.default\">\n\t\t\t\t<div class=\"elementor-widget-container\">\n\t\t\t\t\t\t\t<div class=\"info-box-wrapper\">\n\t\t\t<div class=\"wd-info-box text-left box-icon-align-top box-style-base color-scheme-\">\n\t\t\t\t\n\t\t\t\t<div class=\"info-box-content\">\n\t\t\t\t\t\n\t\t\t\t\t\t\t\t\t\t\t<h4\t\t\t\t\t\tclass=\"info-box-title title box-title-style-default wd-fontsize-m\" data-elementor-setting-key=\"title\">\n\t\t\t\t\t\t\t\tJahre an Erfahrung in der Holzverarbeitung\t\t\t\t\t\t<\/h4>\n\t\t\t\t\t\n\t\t\t\t\t<div class=\"info-box-inner reset-last-child\"data-elementor-setting-key=\"content\"><p>Dank unserer langj\u00e4hrigen Erfahrung im Handwerk verbinden wir traditionelles Wissen \u00fcber die Holzbearbeitung mit modernen Pr\u00e4zisionswerkzeugen, um eine Oberfl\u00e4chenqualit\u00e4t von h\u00f6chster G\u00fcte zu erzielen.<\/p>\n<\/div>\n\n\t\t\t\t\t\t\t\t\t<\/div>\n\n\t\t\t\t\t\t\t\t\t<a href=\"#\" class=\"wd-info-box-link wd-fill\" aria-label=\"Infobox link\"><\/a>\n\t\t\t\t\t\t\t<\/div>\n\t\t<\/div>\n\t\t\t\t\t\t<\/div>\n\t\t\t\t<\/div>\n\t\t\t\t<div class=\"elementor-element elementor-element-3e5133dc elementor-widget__width-initial elementor-widget elementor-widget-wd_infobox\" data-id=\"3e5133dc\" data-element_type=\"widget\" data-widget_type=\"wd_infobox.default\">\n\t\t\t\t<div class=\"elementor-widget-container\">\n\t\t\t\t\t\t\t<div class=\"info-box-wrapper\">\n\t\t\t<div class=\"wd-info-box text-left box-icon-align-top box-style-base color-scheme-\">\n\t\t\t\t\n\t\t\t\t<div class=\"info-box-content\">\n\t\t\t\t\t\n\t\t\t\t\t\t\t\t\t\t\t<h4\t\t\t\t\t\tclass=\"info-box-title title box-title-style-default wd-fontsize-m\" data-elementor-setting-key=\"title\">\n\t\t\t\t\t\t\t\tSondergr\u00f6\u00dfen & Vertriebspartnerschaften\t\t\t\t\t\t<\/h4>\n\t\t\t\t\t\n\t\t\t\t\t<div class=\"info-box-inner reset-last-child\"data-elementor-setting-key=\"content\"><p>Wir bieten flexible Optionen f\u00fcr gr\u00f6\u00dfere Bestellungen und arbeiten gerne mit Vertriebspartnern weltweit zusammen.<\/p>\n<\/div>\n\n\t\t\t\t\t\t\t\t\t<\/div>\n\n\t\t\t\t\t\t\t\t\t<a href=\"#\" class=\"wd-info-box-link wd-fill\" aria-label=\"Infobox link\"><\/a>\n\t\t\t\t\t\t\t<\/div>\n\t\t<\/div>\n\t\t\t\t\t\t<\/div>\n\t\t\t\t<\/div>\n\t\t\t\t\t<\/div>\n\t\t\t\t<\/div>\n\t\t<div class=\"wd-negative-gap elementor-element elementor-element-4cdcf93b e-flex e-con-boxed e-con e-parent\" data-id=\"4cdcf93b\" data-element_type=\"container\">\n\t\t\t\t\t<div class=\"e-con-inner\">\n\t\t<div class=\"elementor-element elementor-element-37614705 e-con-full e-flex e-con e-child\" data-id=\"37614705\" data-element_type=\"container\">\n\t\t\t\t<div class=\"elementor-element elementor-element-3e524342 elementor-widget elementor-widget-wd_image_or_svg\" data-id=\"3e524342\" data-element_type=\"widget\" data-widget_type=\"wd_image_or_svg.default\">\n\t\t\t\t<div class=\"elementor-widget-container\">\n\t\t\t\t\t\n\t\t<div class=\"wd-image text-left\">\n\t\t\t\t\t\t\t\t<img fetchpriority=\"high\" decoding=\"async\" width=\"2560\" height=\"1707\" src=\"https:\/\/woodopshop.com\/wp-content\/uploads\/2025\/11\/Lukfoto_lv_44-scaled-1.jpg\" class=\"attachment-full size-full\" alt=\"\" srcset=\"https:\/\/woodopshop.com\/wp-content\/uploads\/2025\/11\/Lukfoto_lv_44-scaled-1.jpg 2560w, https:\/\/woodopshop.com\/wp-content\/uploads\/2025\/11\/Lukfoto_lv_44-scaled-1-430x287.jpg 430w, https:\/\/woodopshop.com\/wp-content\/uploads\/2025\/11\/Lukfoto_lv_44-scaled-1-150x100.jpg 150w, https:\/\/woodopshop.com\/wp-content\/uploads\/2025\/11\/Lukfoto_lv_44-scaled-1-700x467.jpg 700w, https:\/\/woodopshop.com\/wp-content\/uploads\/2025\/11\/Lukfoto_lv_44-scaled-1-400x267.jpg 400w, https:\/\/woodopshop.com\/wp-content\/uploads\/2025\/11\/Lukfoto_lv_44-scaled-1-1200x800.jpg 1200w, https:\/\/woodopshop.com\/wp-content\/uploads\/2025\/11\/Lukfoto_lv_44-scaled-1-768x512.jpg 768w, https:\/\/woodopshop.com\/wp-content\/uploads\/2025\/11\/Lukfoto_lv_44-scaled-1-1536x1024.jpg 1536w, https:\/\/woodopshop.com\/wp-content\/uploads\/2025\/11\/Lukfoto_lv_44-scaled-1-2048x1366.jpg 2048w\" sizes=\"(max-width: 2560px) 100vw, 2560px\" \/>\t\t\t\t\t<\/div>\n\n\t\t\t\t\t\t<\/div>\n\t\t\t\t<\/div>\n\t\t\t\t<\/div>\n\t\t<div class=\"elementor-element elementor-element-7b7d96c e-con-full e-flex e-con e-child\" data-id=\"7b7d96c\" data-element_type=\"container\">\n\t\t\t\t<div class=\"elementor-element elementor-element-36899563 wd-width-100 elementor-widget elementor-widget-wd_title\" data-id=\"36899563\" data-element_type=\"widget\" data-widget_type=\"wd_title.default\">\n\t\t\t\t<div class=\"elementor-widget-container\">\n\t\t\t\t\t\t\t<div class=\"title-wrapper wd-set-mb reset-last-child wd-title-color-primary wd-title-style-default wd-title-size-large text-left\">\n\n\t\t\t\t\t\t\t\t\t\t\t<div class=\"title-subtitle subtitle-color-primary subtitle-style-default wd-fontsize-xs\">\n\t\t\t\t\tW\u00e4hlen Sie Ihren Favoriten oder kombinieren Sie mehrere f\u00fcr noch mehr Spa\u00df!\t\t\t\t<\/div>\n\t\t\t\n\t\t\t<div class=\"liner-continer\">\n\t\t\t\t<h4 class=\"woodmart-title-container title wd-fontsize-xxl\">Nat\u00fcrliche Handwerkskunst. Durchdachtes Design.<\/h4> \n\t\t\t\t\t\t\t<\/div>\n\n\t\t\t\t\t<\/div>\n\t\t\t\t\t\t<\/div>\n\t\t\t\t<\/div>\n\t\t\t\t<div class=\"elementor-element elementor-element-40b78e52 elementor-widget elementor-widget-wd_text_block\" data-id=\"40b78e52\" data-element_type=\"widget\" data-widget_type=\"wd_text_block.default\">\n\t\t\t\t<div class=\"elementor-widget-container\">\n\t\t\t\t\t\t\t<div class=\"wd-text-block reset-last-child text-left\">\n\t\t\t\n\t\t\t<p>Wir sind eine lettische Familienwerkstatt, die sich auf die Herstellung umweltfreundlicher Holzspielzeuge f\u00fcr Kinder spezialisiert hat. Unsere Produkte werden aus nat\u00fcrlichem Birkensperrholz gefertigt \u2013 fein geschliffen, unlackiert und mit einer angenehm glatten Oberfl\u00e4che. Jede Kante ist sorgf\u00e4ltig abgerundet, um absolute Sicherheit beim Spielen zu gew\u00e4hrleisten. Jedes Spielzeug ist so konzipiert, dass es die k\u00f6rperliche und emotionale Entwicklung von Kindern durch Bewegung, Gleichgewicht und Sinneserfahrungen f\u00f6rdert. Wir respektieren das nat\u00fcrliche Tempo und die Neugier jedes Kindes und fertigen Spielzeuge, die mit ihm mitwachsen. Unsere Leidenschaft f\u00fcr Holz und das Wohlbefinden von Kindern pr\u00e4gt unser gesamtes Handeln \u2013 vom Design bis zur Auslieferung.<\/p>\n\t\t\t\t\t<\/div>\n\t\t\t\t\t\t<\/div>\n\t\t\t\t<\/div>\n\t\t<div class=\"elementor-element elementor-element-65b817a1 e-con-full e-flex e-con e-child\" data-id=\"65b817a1\" data-element_type=\"container\">\n\t\t\t\t<\/div>\n\t\t\t\t<\/div>\n\t\t\t\t\t<\/div>\n\t\t\t\t<\/div>\n\t\t\t\t<\/div>\n\t\t","protected":false},"excerpt":{"rendered":"<p>Sichere, nat\u00fcrliche Holzspielzeuge, die Bewegung, Kreativit\u00e4t und Freude inspirieren. Handgefertigt in Lettland mit Liebe und Pr\u00e4zision Jahre an Erfahrung in<\/p>\n","protected":false},"author":1,"featured_media":0,"parent":0,"menu_order":0,"comment_status":"closed","ping_status":"closed","template":"","meta":{"footnotes":""},"class_list":["post-30067","page","type-page","status-publish","hentry"],"_hostinger_reach_plugin_has_subscription_block":false,"_hostinger_reach_plugin_is_elementor":false,"_links":{"self":[{"href":"https:\/\/woodopshop.com\/de\/wp-json\/wp\/v2\/pages\/30067","targetHints":{"allow":["GET"]}}],"collection":[{"href":"https:\/\/woodopshop.com\/de\/wp-json\/wp\/v2\/pages"}],"about":[{"href":"https:\/\/woodopshop.com\/de\/wp-json\/wp\/v2\/types\/page"}],"author":[{"embeddable":true,"href":"https:\/\/woodopshop.com\/de\/wp-json\/wp\/v2\/users\/1"}],"replies":[{"embeddable":true,"href":"https:\/\/woodopshop.com\/de\/wp-json\/wp\/v2\/comments?post=30067"}],"version-history":[{"count":4,"href":"https:\/\/woodopshop.com\/de\/wp-json\/wp\/v2\/pages\/30067\/revisions"}],"predecessor-version":[{"id":30109,"href":"https:\/\/woodopshop.com\/de\/wp-json\/wp\/v2\/pages\/30067\/revisions\/30109"}],"wp:attachment":[{"href":"https:\/\/woodopshop.com\/de\/wp-json\/wp\/v2\/media?parent=30067"}],"curies":[{"name":"wp","href":"https:\/\/api.w.org\/{rel}","templated":true}]}}