{"id":30056,"date":"2021-10-12T15:51:09","date_gmt":"2021-10-12T15:51:09","guid":{"rendered":"https:\/\/woodopshop.com\/?page_id=30056"},"modified":"2025-11-07T11:20:21","modified_gmt":"2025-11-07T11:20:21","slug":"about-us","status":"publish","type":"page","link":"https:\/\/woodopshop.com\/lv\/about-us\/","title":{"rendered":"About us"},"content":{"rendered":"\t\t<div data-elementor-type=\"wp-page\" data-elementor-id=\"30056\" class=\"elementor elementor-30056 elementor-4400\" data-elementor-post-type=\"page\">\n\t\t\t\t<div class=\"wd-negative-gap elementor-element elementor-element-1c90c3f wd-section-stretch e-flex e-con-boxed e-con e-parent\" data-id=\"1c90c3f\" data-element_type=\"container\" data-settings=\"{&quot;background_background&quot;:&quot;classic&quot;}\">\n\t\t\t\t\t<div class=\"e-con-inner\">\n\t\t\t\t<div class=\"elementor-element elementor-element-5d57672 elementor-widget__width-initial elementor-widget-tablet__width-inherit wd-width-100 elementor-widget elementor-widget-wd_title\" data-id=\"5d57672\" data-element_type=\"widget\" data-widget_type=\"wd_title.default\">\n\t\t\t\t<div class=\"elementor-widget-container\">\n\t\t\t\t\t\t\t<div class=\"title-wrapper wd-set-mb reset-last-child wd-title-color-primary wd-title-style-default wd-title-size-large text-left\">\n\n\t\t\t\t\t\t\t\t\t\t\t<div class=\"title-subtitle subtitle-color-primary subtitle-style-default wd-fontsize-xs\">\n\t\t\t\t\tAr sirdi rad\u012btas b\u0113rnu gulti\u0146as no dab\u012bga koka\t\t\t\t<\/div>\n\t\t\t\n\t\t\t<div class=\"liner-continer\">\n\t\t\t\t<h4 class=\"woodmart-title-container title wd-fontsize-xxl\">WOOD OP \u2013 vieta, kur b\u0113rni aug, sap\u0146o un iedvesmo<\/h4> \n\t\t\t\t\t\t\t<\/div>\n\n\t\t\t\t\t<\/div>\n\t\t\t\t\t\t<\/div>\n\t\t\t\t<\/div>\n\t\t\t\t<div class=\"elementor-element elementor-element-9c05225 elementor-widget__width-initial elementor-widget elementor-widget-wd_infobox\" data-id=\"9c05225\" data-element_type=\"widget\" data-widget_type=\"wd_infobox.default\">\n\t\t\t\t<div class=\"elementor-widget-container\">\n\t\t\t\t\t\t\t<div class=\"info-box-wrapper\">\n\t\t\t<div class=\"wd-info-box text-left box-icon-align-top box-style-base color-scheme-\">\n\t\t\t\t\n\t\t\t\t<div class=\"info-box-content\">\n\t\t\t\t\t\n\t\t\t\t\t\t\t\t\t\t\t<h4\t\t\t\t\t\tclass=\"info-box-title title box-title-style-default wd-fontsize-m\" data-elementor-setting-key=\"title\">\n\t\t\t\t\t\t\t\tM\u016bsu st\u0101sts\t\t\t\t\t\t<\/h4>\n\t\t\t\t\t\n\t\t\t\t\t<div class=\"info-box-inner reset-last-child\"data-elementor-setting-key=\"content\"><p>M\u0113s, <strong data-start=\"177\" data-end=\"188\">WOOD OP<\/strong>, esam neliels Latvijas uz\u0146\u0113mums, kas tic dabiskumam, dro\u0161\u012bbai un rado\u0161ai videi b\u0113rniem. M\u016bsu aizraut\u012bba ar koku un dizainu p\u0101rtapa idej\u0101 \u2013 rad\u012bt b\u0113rnu gulti\u0146as, kas apvieno mieru, rota\u013cas un att\u012bst\u012bbu vien\u0101 harmonisk\u0101 vid\u0113.<\/p>\n<\/div>\n\n\t\t\t\t\t\t\t\t\t<\/div>\n\n\t\t\t\t\t\t\t\t\t<a href=\"#\" class=\"wd-info-box-link wd-fill\" aria-label=\"Infobox saite\"><\/a>\n\t\t\t\t\t\t\t<\/div>\n\t\t<\/div>\n\t\t\t\t\t\t<\/div>\n\t\t\t\t<\/div>\n\t\t\t\t<div class=\"elementor-element elementor-element-ec30bde elementor-widget__width-initial elementor-widget elementor-widget-wd_infobox\" data-id=\"ec30bde\" data-element_type=\"widget\" data-widget_type=\"wd_infobox.default\">\n\t\t\t\t<div class=\"elementor-widget-container\">\n\t\t\t\t\t\t\t<div class=\"info-box-wrapper\">\n\t\t\t<div class=\"wd-info-box text-left box-icon-align-top box-style-base color-scheme-\">\n\t\t\t\t\n\t\t\t\t<div class=\"info-box-content\">\n\t\t\t\t\t\n\t\t\t\t\t\t\t\t\t\t\t<h4\t\t\t\t\t\tclass=\"info-box-title title box-title-style-default wd-fontsize-m\" data-elementor-setting-key=\"title\">\n\t\t\t\t\t\t\t\tGulti\u0146a \u2013 vair\u0101k nek\u0101 tikai gu\u013cvieta\t\t\t\t\t\t<\/h4>\n\t\t\t\t\t\n\t\t\t\t\t<div class=\"info-box-inner reset-last-child\"data-elementor-setting-key=\"content\"><p>Katra m\u0101ji\u0146as formas gulti\u0146a ir rota\u013cu vieta, dro\u0161a osta un b\u0113rna pa\u0161a maz\u0101 pasaule, kur vi\u0146\u0161 var justies br\u012bvi, rad\u012bt un sap\u0146ot. T\u0101s ir rad\u012btas, lai iedvesmotu b\u0113rnu izt\u0113li un pal\u012bdz\u0113tu vi\u0146am augt patst\u0101v\u012bgi, dro\u0161i un laim\u012bgi.<\/p>\n<\/div>\n\n\t\t\t\t\t\t\t\t\t<\/div>\n\n\t\t\t\t\t\t\t\t\t<a href=\"#\" class=\"wd-info-box-link wd-fill\" aria-label=\"Infobox saite\"><\/a>\n\t\t\t\t\t\t\t<\/div>\n\t\t<\/div>\n\t\t\t\t\t\t<\/div>\n\t\t\t\t<\/div>\n\t\t\t\t\t<\/div>\n\t\t\t\t<\/div>\n\t\t<div class=\"wd-negative-gap elementor-element elementor-element-7c7c544 e-flex e-con-boxed e-con e-parent\" data-id=\"7c7c544\" data-element_type=\"container\">\n\t\t\t\t\t<div class=\"e-con-inner\">\n\t\t<div class=\"elementor-element elementor-element-e7cb5cd e-con-full e-flex e-con e-child\" data-id=\"e7cb5cd\" data-element_type=\"container\">\n\t\t\t\t<div class=\"elementor-element elementor-element-56aec39 elementor-widget elementor-widget-wd_image_or_svg\" data-id=\"56aec39\" data-element_type=\"widget\" data-widget_type=\"wd_image_or_svg.default\">\n\t\t\t\t<div class=\"elementor-widget-container\">\n\t\t\t\t\t\n\t\t<div class=\"wd-image text-left\">\n\t\t\t\t\t\t\t\t<img fetchpriority=\"high\" decoding=\"async\" width=\"2560\" height=\"1707\" src=\"https:\/\/woodopshop.com\/wp-content\/uploads\/2025\/10\/Lukfoto_lv_44-scaled.jpg\" class=\"attachment-full size-full\" alt=\"\" srcset=\"https:\/\/woodopshop.com\/wp-content\/uploads\/2025\/10\/Lukfoto_lv_44-scaled.jpg 2560w, https:\/\/woodopshop.com\/wp-content\/uploads\/2025\/10\/Lukfoto_lv_44-scaled-430x287.jpg 430w, https:\/\/woodopshop.com\/wp-content\/uploads\/2025\/10\/Lukfoto_lv_44-scaled-150x100.jpg 150w, https:\/\/woodopshop.com\/wp-content\/uploads\/2025\/10\/Lukfoto_lv_44-scaled-700x467.jpg 700w, https:\/\/woodopshop.com\/wp-content\/uploads\/2025\/10\/Lukfoto_lv_44-400x267.jpg 400w, https:\/\/woodopshop.com\/wp-content\/uploads\/2025\/10\/Lukfoto_lv_44-1200x800.jpg 1200w, https:\/\/woodopshop.com\/wp-content\/uploads\/2025\/10\/Lukfoto_lv_44-768x512.jpg 768w, https:\/\/woodopshop.com\/wp-content\/uploads\/2025\/10\/Lukfoto_lv_44-1536x1024.jpg 1536w, https:\/\/woodopshop.com\/wp-content\/uploads\/2025\/10\/Lukfoto_lv_44-2048x1365.jpg 2048w\" sizes=\"(max-width: 2560px) 100vw, 2560px\" \/>\t\t\t\t\t<\/div>\n\n\t\t\t\t\t\t<\/div>\n\t\t\t\t<\/div>\n\t\t\t\t<\/div>\n\t\t<div class=\"elementor-element elementor-element-97d6084 e-con-full e-flex e-con e-child\" data-id=\"97d6084\" data-element_type=\"container\">\n\t\t\t\t<div class=\"elementor-element elementor-element-98d830b wd-width-100 elementor-widget elementor-widget-wd_title\" data-id=\"98d830b\" data-element_type=\"widget\" data-widget_type=\"wd_title.default\">\n\t\t\t\t<div class=\"elementor-widget-container\">\n\t\t\t\t\t\t\t<div class=\"title-wrapper wd-set-mb reset-last-child wd-title-color-primary wd-title-style-default wd-title-size-large text-left\">\n\n\t\t\t\t\t\t\t\t\t\t\t<div class=\"title-subtitle subtitle-color-primary subtitle-style-default wd-fontsize-xs\">\n\t\t\t\t\tKvalit\u0101te, kas dzimst Latvij\u0101\t\t\t\t<\/div>\n\t\t\t\n\t\t\t<div class=\"liner-continer\">\n\t\t\t\t<h4 class=\"woodmart-title-container title wd-fontsize-xxl\">Rad\u012bt vidi, kur b\u0113rni aug dro\u0161i un laim\u012bgi<\/h4> \n\t\t\t\t\t\t\t<\/div>\n\n\t\t\t\t\t<\/div>\n\t\t\t\t\t\t<\/div>\n\t\t\t\t<\/div>\n\t\t\t\t<div class=\"elementor-element elementor-element-66e47ad elementor-widget elementor-widget-wd_text_block\" data-id=\"66e47ad\" data-element_type=\"widget\" data-widget_type=\"wd_text_block.default\">\n\t\t\t\t<div class=\"elementor-widget-container\">\n\t\t\t\t\t\t\t<div class=\"wd-text-block reset-last-child text-left\">\n\t\t\t\n\t\t\t<p>M\u0113s pa\u0161i izstr\u0101d\u0101jam, ra\u017eojam un p\u0101rbaud\u0101m katru gulti\u0146u, nodro\u0161inot visaugst\u0101kos kvalit\u0101tes un dro\u0161\u012bbas standartus. Visi produkti tiek izgatavoti Latvij\u0101, izmantojot sertific\u0113tu b\u0113rza sapl\u0101ksni \u2013 dab\u012bgu, ilgtsp\u0113j\u012bgu un b\u0113rnam dro\u0161u materi\u0101lu. Katrs izstr\u0101d\u0101jums ir roku darbs, kas apvieno r\u016bpes, precizit\u0101ti un m\u012blest\u012bbu pret savu darbu.<br \/><br \/><\/p><p data-start=\"1152\" data-end=\"1460\">Vec\u0101kiem dodam iesp\u0113ju k\u013c\u016bt par l\u012bdzrad\u012bt\u0101jiem \u2013 izv\u0113l\u0113ties gulti\u0146as sienu variantu un komplekt\u0101ciju, piel\u0101gojot to sava b\u0113rna vajadz\u012bb\u0101m un fant\u0101zijai. T\u0101d\u0113j\u0101di katra WOOD OP gulti\u0146a k\u013c\u016bst par unik\u0101lu st\u0101stu, kas s\u0101kas \u0123imen\u0113 un turpina augt kop\u0101 ar b\u0113rnu.M\u016bsu misija ir dot vec\u0101kiem iesp\u0113ju izv\u0113l\u0113ties gulti\u0146u, kas ne tikai sniedz dro\u0161\u012bbu un komfortu, bet ar\u012b att\u012bsta b\u0113rna izt\u0113li, rado\u0161umu un neatkar\u012bbu. M\u0113s ticam, ka katrs b\u0113rns ir \u012bpa\u0161s, un vi\u0146a telpai j\u0101b\u016bt vietai, kur aug ne tikai \u0137ermenis, bet ar\u012b sap\u0146i.<br data-start=\"1832\" data-end=\"1835\" \/>Pievienojies <strong data-start=\"1848\" data-end=\"1859\">WOOD OP<\/strong> \u0123imenei \u2013 kop\u0101 rad\u012bsim vidi, kur b\u0113rni aug, sap\u0146o un iedvesmo m\u016bs visus.<\/p><p data-start=\"1462\" data-end=\"1493\">\u00a0<\/p>\n\t\t\t\t\t<\/div>\n\t\t\t\t\t\t<\/div>\n\t\t\t\t<\/div>\n\t\t<div class=\"elementor-element elementor-element-3eef7d8 e-con-full e-flex e-con e-child\" data-id=\"3eef7d8\" data-element_type=\"container\">\n\t\t\t\t<\/div>\n\t\t\t\t<\/div>\n\t\t\t\t\t<\/div>\n\t\t\t\t<\/div>\n\t\t\t\t<\/div>\n\t\t","protected":false},"excerpt":{"rendered":"<p>Ar sirdi rad\u012btas b\u0113rnu gulti\u0146as no dab\u012bga koka WOOD OP \u2013 vieta, kur b\u0113rni aug, sap\u0146o un iedvesmo M\u016bsu st\u0101sts<\/p>\n","protected":false},"author":1,"featured_media":0,"parent":0,"menu_order":0,"comment_status":"closed","ping_status":"closed","template":"","meta":{"footnotes":""},"class_list":["post-30056","page","type-page","status-publish","hentry"],"_hostinger_reach_plugin_has_subscription_block":false,"_hostinger_reach_plugin_is_elementor":false,"_links":{"self":[{"href":"https:\/\/woodopshop.com\/lv\/wp-json\/wp\/v2\/pages\/30056","targetHints":{"allow":["GET"]}}],"collection":[{"href":"https:\/\/woodopshop.com\/lv\/wp-json\/wp\/v2\/pages"}],"about":[{"href":"https:\/\/woodopshop.com\/lv\/wp-json\/wp\/v2\/types\/page"}],"author":[{"embeddable":true,"href":"https:\/\/woodopshop.com\/lv\/wp-json\/wp\/v2\/users\/1"}],"replies":[{"embeddable":true,"href":"https:\/\/woodopshop.com\/lv\/wp-json\/wp\/v2\/comments?post=30056"}],"version-history":[{"count":7,"href":"https:\/\/woodopshop.com\/lv\/wp-json\/wp\/v2\/pages\/30056\/revisions"}],"predecessor-version":[{"id":30063,"href":"https:\/\/woodopshop.com\/lv\/wp-json\/wp\/v2\/pages\/30056\/revisions\/30063"}],"wp:attachment":[{"href":"https:\/\/woodopshop.com\/lv\/wp-json\/wp\/v2\/media?parent=30056"}],"curies":[{"name":"wp","href":"https:\/\/api.w.org\/{rel}","templated":true}]}}